{"id":55563,"date":"2025-07-05T06:32:02","date_gmt":"2025-07-05T06:32:02","guid":{"rendered":"https:\/\/liyanitsolution.com\/samuel\/noticias-y-actualizacion\/"},"modified":"2025-07-05T06:32:02","modified_gmt":"2025-07-05T06:32:02","slug":"noticias-y-actualizacion","status":"publish","type":"page","link":"https:\/\/refistudio.ca\/es\/noticias-y-actualizacion\/","title":{"rendered":"Noticias y actualizaci\u00f3n"},"content":{"rendered":"\t\t<div data-elementor-type=\"wp-page\" data-elementor-id=\"55563\" class=\"elementor elementor-55563\" data-elementor-post-type=\"page\">\n\t\t\t\t<div class=\"elementor-element elementor-element-ba913dc e-con-full e-flex e-con e-parent\" data-id=\"ba913dc\" data-element_type=\"container\" data-settings=\"{&quot;background_background&quot;:&quot;classic&quot;}\">\n\t\t<div class=\"elementor-element elementor-element-57e32df e-flex e-con-boxed e-con e-child\" data-id=\"57e32df\" data-element_type=\"container\">\n\t\t\t\t\t<div class=\"e-con-inner\">\n\t\t\t\t<div class=\"elementor-element elementor-element-e9730e0 elementor-widget-mobile__width-initial elementor-invisible elementor-widget elementor-widget-heading\" data-id=\"e9730e0\" data-element_type=\"widget\" data-settings=\"{&quot;_animation&quot;:&quot;fadeIn&quot;}\" data-widget_type=\"heading.default\">\n\t\t\t\t<div class=\"elementor-widget-container\">\n\t\t\t\t\t<h2 class=\"elementor-heading-title elementor-size-default\">News And Updates<\/h2>\t\t\t\t<\/div>\n\t\t\t\t<\/div>\n\t\t\t\t\t<\/div>\n\t\t\t\t<\/div>\n\t\t\t\t<\/div>\n\t\t<div class=\"elementor-element elementor-element-9d6f991 e-flex e-con-boxed e-con e-parent\" data-id=\"9d6f991\" data-element_type=\"container\">\n\t\t\t\t\t<div class=\"e-con-inner\">\n\t\t<div class=\"elementor-element elementor-element-c29d18b e-flex e-con-boxed e-con e-child\" data-id=\"c29d18b\" data-element_type=\"container\">\n\t\t\t\t\t<div class=\"e-con-inner\">\n\t\t\t\t<div class=\"elementor-element elementor-element-55e5250 elementor-widget-tablet__width-inherit elementor-widget elementor-widget-heading\" data-id=\"55e5250\" data-element_type=\"widget\" data-widget_type=\"heading.default\">\n\t\t\t\t<div class=\"elementor-widget-container\">\n\t\t\t\t\t<h2 class=\"elementor-heading-title elementor-size-default\">Exciting Launch : AI Based Security Model<\/h2>\t\t\t\t<\/div>\n\t\t\t\t<\/div>\n\t\t\t\t<div class=\"elementor-element elementor-element-f82af3b elementor-widget elementor-widget-heading\" data-id=\"f82af3b\" data-element_type=\"widget\" data-widget_type=\"heading.default\">\n\t\t\t\t<div class=\"elementor-widget-container\">\n\t\t\t\t\t<h2 class=\"elementor-heading-title elementor-size-default\">A new chapter begins with our major update to the cybersecurity platform<\/h2>\t\t\t\t<\/div>\n\t\t\t\t<\/div>\n\t\t\t\t<div class=\"elementor-element elementor-element-54b8c7b elementor-invisible elementor-widget elementor-widget-button\" data-id=\"54b8c7b\" data-element_type=\"widget\" data-settings=\"{&quot;_animation&quot;:&quot;fadeIn&quot;}\" data-widget_type=\"button.default\">\n\t\t\t\t<div class=\"elementor-widget-container\">\n\t\t\t\t\t\t\t\t\t<div class=\"elementor-button-wrapper\">\n\t\t\t\t\t<a class=\"elementor-button elementor-button-link elementor-size-sm\" href=\"#\">\n\t\t\t\t\t\t<span class=\"elementor-button-content-wrapper\">\n\t\t\t\t\t\t\t\t\t<span class=\"elementor-button-text\">Read More <\/span>\n\t\t\t\t\t<\/span>\n\t\t\t\t\t<\/a>\n\t\t\t\t<\/div>\n\t\t\t\t\t\t\t\t<\/div>\n\t\t\t\t<\/div>\n\t\t\t\t\t<\/div>\n\t\t\t\t<\/div>\n\t\t<div class=\"elementor-element elementor-element-d33f7ff e-flex e-con-boxed e-con e-child\" data-id=\"d33f7ff\" data-element_type=\"container\" data-settings=\"{&quot;background_background&quot;:&quot;classic&quot;}\">\n\t\t\t\t\t<div class=\"e-con-inner\">\n\t\t\t\t<div class=\"elementor-element elementor-element-1546445 elementor-widget elementor-widget-image\" data-id=\"1546445\" data-element_type=\"widget\" data-widget_type=\"image.default\">\n\t\t\t\t<div class=\"elementor-widget-container\">\n\t\t\t\t\t\t\t\t\t\t\t\t\t\t\t<img fetchpriority=\"high\" decoding=\"async\" width=\"900\" height=\"600\" src=\"https:\/\/refistudio.ca\/wp-content\/uploads\/2025\/07\/colleagues-work-scaled.jpg\" class=\"attachment-large size-large wp-image-53764\" alt=\"\" srcset=\"https:\/\/refistudio.ca\/wp-content\/uploads\/2025\/07\/colleagues-work-scaled.jpg 2560w, https:\/\/refistudio.ca\/wp-content\/uploads\/2025\/07\/colleagues-work-300x200.jpg 300w\" sizes=\"(max-width: 900px) 100vw, 900px\" \/>\t\t\t\t\t\t\t\t\t\t\t\t\t\t\t<\/div>\n\t\t\t\t<\/div>\n\t\t\t\t\t<\/div>\n\t\t\t\t<\/div>\n\t\t\t\t\t<\/div>\n\t\t\t\t<\/div>\n\t\t<div class=\"elementor-element elementor-element-46f76bb e-flex e-con-boxed e-con e-parent\" data-id=\"46f76bb\" data-element_type=\"container\">\n\t\t\t\t\t<div class=\"e-con-inner\">\n\t\t<div class=\"elementor-element elementor-element-2a96cb4 e-flex e-con-boxed e-con e-child\" data-id=\"2a96cb4\" data-element_type=\"container\">\n\t\t\t\t\t<div class=\"e-con-inner\">\n\t\t\t\t<div class=\"elementor-element elementor-element-2d43759 elementor-widget-tablet__width-inherit elementor-widget elementor-widget-heading\" data-id=\"2d43759\" data-element_type=\"widget\" data-widget_type=\"heading.default\">\n\t\t\t\t<div class=\"elementor-widget-container\">\n\t\t\t\t\t<h2 class=\"elementor-heading-title elementor-size-default\">Recent Updates<\/h2>\t\t\t\t<\/div>\n\t\t\t\t<\/div>\n\t\t\t\t\t<\/div>\n\t\t\t\t<\/div>\n\t\t\t\t\t<\/div>\n\t\t\t\t<\/div>\n\t\t<div class=\"elementor-element elementor-element-d6282eb e-con-full elementor-hidden-desktop elementor-hidden-tablet elementor-hidden-mobile e-flex e-con e-child\" data-id=\"d6282eb\" data-element_type=\"container\">\n\t\t\t\t<div class=\"elementor-element elementor-element-075e9cb recent_update_sidebar elementor-widget elementor-widget-sidebar\" data-id=\"075e9cb\" data-element_type=\"widget\" data-widget_type=\"sidebar.default\">\n\t\t\t\t<div class=\"elementor-widget-container\">\n\t\t\t\t\t<section id=\"block-2\" class=\"widget widget-container widget_block widget_search\"><form role=\"search\" method=\"get\" action=\"https:\/\/refistudio.ca\/es\/\" class=\"wp-block-search__button-outside wp-block-search__text-button wp-block-search\"    ><label class=\"wp-block-search__label\" for=\"wp-block-search__input-1\" >Buscar<\/label><div class=\"wp-block-search__inside-wrapper \" ><input class=\"wp-block-search__input\" id=\"wp-block-search__input-1\" placeholder=\"\" value=\"\" type=\"search\" name=\"s\" required \/><button aria-label=\"Buscar\" class=\"wp-block-search__button wp-element-button\" type=\"submit\" >Buscar<\/button><\/div><\/form><\/section><section id=\"block-3\" class=\"widget widget-container widget_block\"><div class=\"wp-block-group is-layout-flow wp-block-group-is-layout-flow\"><h2 class=\"wp-block-heading\">Recent Posts<\/h2><ul class=\"wp-block-latest-posts__list wp-block-latest-posts\"><\/ul><\/div><\/section><section id=\"block-4\" class=\"widget widget-container widget_block\"><div class=\"wp-block-group is-layout-flow wp-block-group-is-layout-flow\"><h2 class=\"wp-block-heading\">Recent Comments<\/h2><div class=\"no-comments wp-block-latest-comments\">No hay comentarios que mostrar.<\/div><\/div><\/section><section id=\"block-5\" class=\"widget widget-container widget_block\"><div class=\"wp-block-group is-layout-flow wp-block-group-is-layout-flow\"><h2 class=\"wp-block-heading\">Archives<\/h2><div class=\"wp-block-archives-list wp-block-archives\">No hay archivos que mostrar.<\/div><\/div><\/section><section id=\"block-6\" class=\"widget widget-container widget_block\"><div class=\"wp-block-group is-layout-flow wp-block-group-is-layout-flow\"><h2 class=\"wp-block-heading\">Categories<\/h2><ul class=\"wp-block-categories-list wp-block-categories\"><li class=\"cat-item-none\">No hay categor\u00edas<\/li><\/ul><\/div><\/section>\t\t\t\t<\/div>\n\t\t\t\t<\/div>\n\t\t\t\t<div class=\"elementor-element elementor-element-c4200e2 elementor-widget-tablet__width-inherit elementor-widget elementor-widget-heading\" data-id=\"c4200e2\" data-element_type=\"widget\" data-widget_type=\"heading.default\">\n\t\t\t\t<div class=\"elementor-widget-container\">\n\t\t\t\t\t<h2 class=\"elementor-heading-title elementor-size-default\">Get Update in your inbox <\/h2>\t\t\t\t<\/div>\n\t\t\t\t<\/div>\n\t\t\t\t<div class=\"elementor-element elementor-element-41049d0 elementor-button-align-stretch elementor-widget elementor-widget-form\" data-id=\"41049d0\" data-element_type=\"widget\" data-settings=\"{&quot;step_next_label&quot;:&quot;Next&quot;,&quot;step_previous_label&quot;:&quot;Previous&quot;,&quot;button_width&quot;:&quot;100&quot;,&quot;step_type&quot;:&quot;number_text&quot;,&quot;step_icon_shape&quot;:&quot;circle&quot;}\" data-widget_type=\"form.default\">\n\t\t\t\t<div class=\"elementor-widget-container\">\n\t\t\t\t\t\t\t<form class=\"elementor-form\" method=\"post\" name=\"New Form\">\n\t\t\t<input type=\"hidden\" name=\"post_id\" value=\"55563\"\/>\n\t\t\t<input type=\"hidden\" name=\"form_id\" value=\"41049d0\"\/>\n\t\t\t<input type=\"hidden\" name=\"referer_title\" value=\"\" \/>\n\n\t\t\t\n\t\t\t<div class=\"elementor-form-fields-wrapper elementor-labels-above\">\n\t\t\t\t\t\t\t\t<div class=\"elementor-field-type-email elementor-field-group elementor-column elementor-field-group-email elementor-col-100 elementor-field-required\">\n\t\t\t\t\t\t\t\t\t\t\t\t<label for=\"form-field-email\" class=\"elementor-field-label\">\n\t\t\t\t\t\t\t\tEmail\t\t\t\t\t\t\t<\/label>\n\t\t\t\t\t\t\t\t\t\t\t\t\t\t<input size=\"1\" type=\"email\" name=\"form_fields[email]\" id=\"form-field-email\" class=\"elementor-field elementor-size-sm  elementor-field-textual\" placeholder=\"Email\" required=\"required\" aria-required=\"true\">\n\t\t\t\t\t\t\t\t\t\t\t<\/div>\n\t\t\t\t\t\t\t\t<div class=\"elementor-field-group elementor-column elementor-field-type-submit elementor-col-100 e-form__buttons\">\n\t\t\t\t\t<button type=\"submit\" class=\"elementor-button elementor-size-sm\">\n\t\t\t\t\t\t<span >\n\t\t\t\t\t\t\t\t\t\t\t\t\t\t\t<span class=\" elementor-button-icon\">\n\t\t\t\t\t\t\t\t\t\t\t\t\t\t\t\t\t\t\t\t\t\t\t\t\t\t<\/span>\n\t\t\t\t\t\t\t\t\t\t\t\t\t\t\t\t\t\t\t\t\t\t<span class=\"elementor-button-text\">Subscriber <\/span>\n\t\t\t\t\t\t\t\t\t\t\t\t\t<\/span>\n\t\t\t\t\t<\/button>\n\t\t\t\t<\/div>\n\t\t\t<\/div>\n\t\t<\/form>\n\t\t\t\t\t\t<\/div>\n\t\t\t\t<\/div>\n\t\t\t\t<\/div>\n\t\t\t\t<\/div>\n\t\t","protected":false},"excerpt":{"rendered":"<p>Noticias y actualizaciones Lanzamiento emocionante: Modelo de seguridad basado en IA Un nuevo cap\u00edtulo comienza con nuestra importante actualizaci\u00f3n de la plataforma de ciberseguridad Leer m\u00e1s Actualizaciones recientes Recibe actualizaciones en tu bandeja de entrada<\/p>\n","protected":false},"author":1,"featured_media":0,"parent":0,"menu_order":0,"comment_status":"closed","ping_status":"closed","template":"elementor_header_footer","meta":{"_acf_changed":false,"pmpro_default_level":"","footnotes":""},"class_list":["post-55563","page","type-page","status-publish","hentry","pmpro-has-access"],"acf":[],"_links":{"self":[{"href":"https:\/\/refistudio.ca\/es\/wp-json\/wp\/v2\/pages\/55563","targetHints":{"allow":["GET"]}}],"collection":[{"href":"https:\/\/refistudio.ca\/es\/wp-json\/wp\/v2\/pages"}],"about":[{"href":"https:\/\/refistudio.ca\/es\/wp-json\/wp\/v2\/types\/page"}],"author":[{"embeddable":true,"href":"https:\/\/refistudio.ca\/es\/wp-json\/wp\/v2\/users\/1"}],"replies":[{"embeddable":true,"href":"https:\/\/refistudio.ca\/es\/wp-json\/wp\/v2\/comments?post=55563"}],"version-history":[{"count":0,"href":"https:\/\/refistudio.ca\/es\/wp-json\/wp\/v2\/pages\/55563\/revisions"}],"wp:attachment":[{"href":"https:\/\/refistudio.ca\/es\/wp-json\/wp\/v2\/media?parent=55563"}],"curies":[{"name":"wp","href":"https:\/\/api.w.org\/{rel}","templated":true}]}}