{"id":55624,"date":"2025-08-06T11:29:13","date_gmt":"2025-08-06T11:29:13","guid":{"rendered":"https:\/\/liyanitsolution.com\/samuel\/que-hacemos\/"},"modified":"2025-08-06T11:29:13","modified_gmt":"2025-08-06T11:29:13","slug":"que-hacemos","status":"publish","type":"page","link":"https:\/\/refistudio.ca\/es\/que-hacemos\/","title":{"rendered":"que hacemos"},"content":{"rendered":"\t\t<div data-elementor-type=\"wp-page\" data-elementor-id=\"55624\" class=\"elementor elementor-55624\" data-elementor-post-type=\"page\">\n\t\t\t\t\t\t<section class=\"elementor-section elementor-top-section elementor-element elementor-element-16de919 elementor-section-full_width elementor-section-content-middle elementor-section-height-default elementor-section-height-default\" data-id=\"16de919\" data-element_type=\"section\" data-settings=\"{&quot;background_background&quot;:&quot;slideshow&quot;,&quot;animation_tablet&quot;:&quot;fadeIn&quot;,&quot;background_slideshow_gallery&quot;:[{&quot;id&quot;:54546,&quot;url&quot;:&quot;https:\\\/\\\/refistudio.ca\\\/wp-content\\\/uploads\\\/2025\\\/07\\\/impressed-young-female-teacher-sits-table-with-school-tools-raising-pen-classroom.jpg&quot;}],&quot;background_slideshow_lazyload&quot;:&quot;yes&quot;,&quot;background_slideshow_loop&quot;:&quot;yes&quot;,&quot;background_slideshow_slide_duration&quot;:5000,&quot;background_slideshow_slide_transition&quot;:&quot;fade&quot;,&quot;background_slideshow_transition_duration&quot;:500}\">\n\t\t\t\t\t\t\t<div class=\"elementor-background-overlay\"><\/div>\n\t\t\t\t\t\t\t<div class=\"elementor-container elementor-column-gap-default\">\n\t\t\t\t\t<div class=\"elementor-column elementor-col-100 elementor-top-column elementor-element elementor-element-6c51bbe\" data-id=\"6c51bbe\" data-element_type=\"column\" data-settings=\"{&quot;background_background&quot;:&quot;slideshow&quot;,&quot;background_slideshow_gallery&quot;:[],&quot;background_slideshow_slide_duration&quot;:5000,&quot;background_slideshow_slide_transition&quot;:&quot;fade&quot;,&quot;background_slideshow_transition_duration&quot;:500}\">\n\t\t\t<div class=\"elementor-widget-wrap elementor-element-populated\">\n\t\t\t\t\t\t<section class=\"elementor-section elementor-inner-section elementor-element elementor-element-b61ba79 elementor-section-content-middle elementor-section-boxed elementor-section-height-default elementor-section-height-default\" data-id=\"b61ba79\" data-element_type=\"section\">\n\t\t\t\t\t\t<div class=\"elementor-container elementor-column-gap-default\">\n\t\t\t\t\t<div class=\"elementor-column elementor-col-100 elementor-inner-column elementor-element elementor-element-d69a481\" data-id=\"d69a481\" data-element_type=\"column\">\n\t\t\t<div class=\"elementor-widget-wrap elementor-element-populated\">\n\t\t\t\t\t\t<div class=\"elementor-element elementor-element-4ab9a25 elementor-widget-mobile__width-initial elementor-invisible elementor-widget elementor-widget-heading\" data-id=\"4ab9a25\" data-element_type=\"widget\" data-settings=\"{&quot;_animation&quot;:&quot;fadeIn&quot;}\" data-widget_type=\"heading.default\">\n\t\t\t\t<div class=\"elementor-widget-container\">\n\t\t\t\t\t<h2 class=\"elementor-heading-title elementor-size-default\">What We Do<\/h2>\t\t\t\t<\/div>\n\t\t\t\t<\/div>\n\t\t\t\t<div class=\"elementor-element elementor-element-2f47c76 elementor-widget__width-inherit elementor-widget-mobile__width-initial elementor-invisible elementor-widget elementor-widget-text-editor\" data-id=\"2f47c76\" data-element_type=\"widget\" data-settings=\"{&quot;_animation&quot;:&quot;fadeIn&quot;}\" data-widget_type=\"text-editor.default\">\n\t\t\t\t<div class=\"elementor-widget-container\">\n\t\t\t\t\t\t\t\t\t<p>we are committed to empowering individuals and communities through a comprehensive approach that combines <strong data-start=\"285\" data-end=\"347\">Education, Mentorship, Investments, and Financial Services<\/strong>.<\/p>\t\t\t\t\t\t\t\t<\/div>\n\t\t\t\t<\/div>\n\t\t\t\t<div class=\"elementor-element elementor-element-7c1c403 elementor-widget__width-initial elementor-invisible elementor-widget elementor-widget-button\" data-id=\"7c1c403\" data-element_type=\"widget\" data-settings=\"{&quot;_animation&quot;:&quot;fadeIn&quot;}\" data-widget_type=\"button.default\">\n\t\t\t\t<div class=\"elementor-widget-container\">\n\t\t\t\t\t\t\t\t\t<div class=\"elementor-button-wrapper\">\n\t\t\t\t\t<a class=\"elementor-button elementor-button-link elementor-size-sm\" href=\"https:\/\/refistudio.ca\/courses\/\">\n\t\t\t\t\t\t<span class=\"elementor-button-content-wrapper\">\n\t\t\t\t\t\t\t\t\t<span class=\"elementor-button-text\"> Explore Courses<\/span>\n\t\t\t\t\t<\/span>\n\t\t\t\t\t<\/a>\n\t\t\t\t<\/div>\n\t\t\t\t\t\t\t\t<\/div>\n\t\t\t\t<\/div>\n\t\t\t\t<div class=\"elementor-element elementor-element-b6e9ebc elementor-widget__width-initial elementor-invisible elementor-widget elementor-widget-button\" data-id=\"b6e9ebc\" data-element_type=\"widget\" data-settings=\"{&quot;_animation&quot;:&quot;fadeIn&quot;}\" data-widget_type=\"button.default\">\n\t\t\t\t<div class=\"elementor-widget-container\">\n\t\t\t\t\t\t\t\t\t<div class=\"elementor-button-wrapper\">\n\t\t\t\t\t<a class=\"elementor-button elementor-button-link elementor-size-sm\" href=\"https:\/\/refistudio.ca\/become-a-instructor\/\">\n\t\t\t\t\t\t<span class=\"elementor-button-content-wrapper\">\n\t\t\t\t\t\t\t\t\t<span class=\"elementor-button-text\">Become A Instructor<\/span>\n\t\t\t\t\t<\/span>\n\t\t\t\t\t<\/a>\n\t\t\t\t<\/div>\n\t\t\t\t\t\t\t\t<\/div>\n\t\t\t\t<\/div>\n\t\t\t\t\t<\/div>\n\t\t<\/div>\n\t\t\t\t\t<\/div>\n\t\t<\/section>\n\t\t\t\t\t<\/div>\n\t\t<\/div>\n\t\t\t\t\t<\/div>\n\t\t<\/section>\n\t\t<div class=\"elementor-element elementor-element-cc04c19 e-flex e-con-boxed e-con e-parent\" data-id=\"cc04c19\" data-element_type=\"container\">\n\t\t\t\t\t<div class=\"e-con-inner\">\n\t\t<div class=\"elementor-element elementor-element-047b4cf e-con-full e-flex e-con e-child\" data-id=\"047b4cf\" data-element_type=\"container\">\n\t\t\t\t<div class=\"elementor-element elementor-element-f8e50c6 elementor-widget__width-initial elementor-widget-tablet__width-inherit elementor-view-stacked elementor-shape-circle elementor-position-top elementor-mobile-position-top elementor-widget elementor-widget-icon-box\" data-id=\"f8e50c6\" data-element_type=\"widget\" data-widget_type=\"icon-box.default\">\n\t\t\t\t<div class=\"elementor-widget-container\">\n\t\t\t\t\t\t\t<div class=\"elementor-icon-box-wrapper\">\n\n\t\t\t\t\t\t<div class=\"elementor-icon-box-icon\">\n\t\t\t\t<a href=\"https:\/\/refistudio.ca\/e-learning\/\" class=\"elementor-icon\" tabindex=\"-1\" aria-label=\"E-Learning\">\n\t\t\t\t<i aria-hidden=\"true\" class=\"fas fa-graduation-cap\"><\/i>\t\t\t\t<\/a>\n\t\t\t<\/div>\n\t\t\t\n\t\t\t\t\t\t<div class=\"elementor-icon-box-content\">\n\n\t\t\t\t\t\t\t\t\t<div class=\"elementor-icon-box-title\">\n\t\t\t\t\t\t<a href=\"https:\/\/refistudio.ca\/e-learning\/\" >\n\t\t\t\t\t\t\tE-Learning\t\t\t\t\t\t<\/a>\n\t\t\t\t\t<\/div>\n\t\t\t\t\n\t\t\t\t\t\t\t\t\t<p class=\"elementor-icon-box-description\">\n\t\t\t\t\t\tLearn Anytime, Anywhere\t\t\t\t\t<\/p>\n\t\t\t\t\n\t\t\t<\/div>\n\t\t\t\n\t\t<\/div>\n\t\t\t\t\t\t<\/div>\n\t\t\t\t<\/div>\n\t\t\t\t<\/div>\n\t\t<div class=\"elementor-element elementor-element-1acdfbc e-con-full e-flex e-con e-child\" data-id=\"1acdfbc\" data-element_type=\"container\">\n\t\t\t\t<div class=\"elementor-element elementor-element-e4d4760 elementor-widget__width-initial elementor-widget-tablet__width-inherit elementor-view-stacked elementor-shape-circle elementor-position-top elementor-mobile-position-top elementor-widget elementor-widget-icon-box\" data-id=\"e4d4760\" data-element_type=\"widget\" data-widget_type=\"icon-box.default\">\n\t\t\t\t<div class=\"elementor-widget-container\">\n\t\t\t\t\t\t\t<div class=\"elementor-icon-box-wrapper\">\n\n\t\t\t\t\t\t<div class=\"elementor-icon-box-icon\">\n\t\t\t\t<a href=\"https:\/\/refistudio.ca\/coaching-mentorship\/\" class=\"elementor-icon\" tabindex=\"-1\" aria-label=\"Coaching\/Mentorship\">\n\t\t\t\t<i aria-hidden=\"true\" class=\" stmlms-quiz\"><\/i>\t\t\t\t<\/a>\n\t\t\t<\/div>\n\t\t\t\n\t\t\t\t\t\t<div class=\"elementor-icon-box-content\">\n\n\t\t\t\t\t\t\t\t\t<div class=\"elementor-icon-box-title\">\n\t\t\t\t\t\t<a href=\"https:\/\/refistudio.ca\/coaching-mentorship\/\" >\n\t\t\t\t\t\t\tCoaching\/Mentorship\t\t\t\t\t\t<\/a>\n\t\t\t\t\t<\/div>\n\t\t\t\t\n\t\t\t\t\t\t\t\t\t<p class=\"elementor-icon-box-description\">\n\t\t\t\t\t\tEmpowering You to Grow Wealth\t\t\t\t\t<\/p>\n\t\t\t\t\n\t\t\t<\/div>\n\t\t\t\n\t\t<\/div>\n\t\t\t\t\t\t<\/div>\n\t\t\t\t<\/div>\n\t\t\t\t<\/div>\n\t\t<div class=\"elementor-element elementor-element-bb35f48 e-con-full e-flex e-con e-child\" data-id=\"bb35f48\" data-element_type=\"container\">\n\t\t\t\t<div class=\"elementor-element elementor-element-eaf6736 elementor-widget__width-initial elementor-widget-tablet__width-inherit elementor-view-stacked elementor-shape-circle elementor-position-top elementor-mobile-position-top elementor-widget elementor-widget-icon-box\" data-id=\"eaf6736\" data-element_type=\"widget\" data-widget_type=\"icon-box.default\">\n\t\t\t\t<div class=\"elementor-widget-container\">\n\t\t\t\t\t\t\t<div class=\"elementor-icon-box-wrapper\">\n\n\t\t\t\t\t\t<div class=\"elementor-icon-box-icon\">\n\t\t\t\t<a href=\"https:\/\/refistudio.ca\/investments-and-microfinance-banking\" class=\"elementor-icon\" tabindex=\"-1\" aria-label=\"Investments, and Microfinance\/Banking\">\n\t\t\t\t<i aria-hidden=\"true\" class=\"fas fa-graduation-cap\"><\/i>\t\t\t\t<\/a>\n\t\t\t<\/div>\n\t\t\t\n\t\t\t\t\t\t<div class=\"elementor-icon-box-content\">\n\n\t\t\t\t\t\t\t\t\t<div class=\"elementor-icon-box-title\">\n\t\t\t\t\t\t<a href=\"https:\/\/refistudio.ca\/investments-and-microfinance-banking\" >\n\t\t\t\t\t\t\tInvestments, and Microfinance\/Banking\t\t\t\t\t\t<\/a>\n\t\t\t\t\t<\/div>\n\t\t\t\t\n\t\t\t\t\t\t\t\t\t<p class=\"elementor-icon-box-description\">\n\t\t\t\t\t\tBringing Financial Services\t\t\t\t\t<\/p>\n\t\t\t\t\n\t\t\t<\/div>\n\t\t\t\n\t\t<\/div>\n\t\t\t\t\t\t<\/div>\n\t\t\t\t<\/div>\n\t\t\t\t<\/div>\n\t\t\t\t\t<\/div>\n\t\t\t\t<\/div>\n\t\t<div class=\"elementor-element elementor-element-d801ad0 e-flex e-con-boxed e-con e-parent\" data-id=\"d801ad0\" data-element_type=\"container\">\n\t\t\t\t\t<div class=\"e-con-inner\">\n\t\t\t\t<div class=\"elementor-element elementor-element-aa3107a elementor-widget elementor-widget-heading\" data-id=\"aa3107a\" data-element_type=\"widget\" data-widget_type=\"heading.default\">\n\t\t\t\t<div class=\"elementor-widget-container\">\n\t\t\t\t\t<h2 class=\"elementor-heading-title elementor-size-default\">How It Works<\/h2>\t\t\t\t<\/div>\n\t\t\t\t<\/div>\n\t\t\t\t\t<\/div>\n\t\t\t\t<\/div>\n\t\t<div class=\"elementor-element elementor-element-a7785a9 e-flex e-con-boxed e-con e-parent\" data-id=\"a7785a9\" data-element_type=\"container\">\n\t\t\t\t\t<div class=\"e-con-inner\">\n\t\t<div class=\"elementor-element elementor-element-de6b9e7 e-con-full e-flex e-con e-child\" data-id=\"de6b9e7\" data-element_type=\"container\">\n\t\t\t\t<div class=\"elementor-element elementor-element-cd2d816 elementor-position-top elementor-widget elementor-widget-image-box\" data-id=\"cd2d816\" data-element_type=\"widget\" data-widget_type=\"image-box.default\">\n\t\t\t\t<div class=\"elementor-widget-container\">\n\t\t\t\t\t<div class=\"elementor-image-box-wrapper\"><figure class=\"elementor-image-box-img\"><img fetchpriority=\"high\" decoding=\"async\" width=\"2560\" height=\"1757\" src=\"https:\/\/refistudio.ca\/wp-content\/uploads\/2025\/07\/sign-up-form-button-graphic-concept-scaled.jpg\" class=\"attachment-full size-full wp-image-53736\" alt=\"\" srcset=\"https:\/\/refistudio.ca\/wp-content\/uploads\/2025\/07\/sign-up-form-button-graphic-concept-scaled.jpg 2560w, https:\/\/refistudio.ca\/wp-content\/uploads\/2025\/07\/sign-up-form-button-graphic-concept-300x206.jpg 300w, https:\/\/refistudio.ca\/wp-content\/uploads\/2025\/07\/sign-up-form-button-graphic-concept-1024x703.jpg 1024w, https:\/\/refistudio.ca\/wp-content\/uploads\/2025\/07\/sign-up-form-button-graphic-concept-768x527.jpg 768w, https:\/\/refistudio.ca\/wp-content\/uploads\/2025\/07\/sign-up-form-button-graphic-concept-1536x1054.jpg 1536w, https:\/\/refistudio.ca\/wp-content\/uploads\/2025\/07\/sign-up-form-button-graphic-concept-2048x1405.jpg 2048w\" sizes=\"(max-width: 2560px) 100vw, 2560px\" \/><\/figure><div class=\"elementor-image-box-content\"><h3 class=\"elementor-image-box-title\">Step 1<\/h3><p class=\"elementor-image-box-description\">Sign up and choose your path<\/p><\/div><\/div>\t\t\t\t<\/div>\n\t\t\t\t<\/div>\n\t\t\t\t<\/div>\n\t\t<div class=\"elementor-element elementor-element-1063aa0 e-con-full e-flex e-con e-child\" data-id=\"1063aa0\" data-element_type=\"container\">\n\t\t\t\t<div class=\"elementor-element elementor-element-e08a067 elementor-position-top elementor-widget elementor-widget-image-box\" data-id=\"e08a067\" data-element_type=\"widget\" data-widget_type=\"image-box.default\">\n\t\t\t\t<div class=\"elementor-widget-container\">\n\t\t\t\t\t<div class=\"elementor-image-box-wrapper\"><figure class=\"elementor-image-box-img\"><img decoding=\"async\" src=\"https:\/\/refistudio.ca\/wp-content\/uploads\/2025\/07\/vocabulary-lessons-happy-female-teacher-using-flashcards-teach-letters-alphabet-preschool-little-kids-virtual-class.jpg\" class=\"attachment-full size-full wp-image-53745\" alt=\"\" \/><\/figure><div class=\"elementor-image-box-content\"><h3 class=\"elementor-image-box-title\">Step 2<\/h3><p class=\"elementor-image-box-description\">Learn with videos, quizzes, and live sessions<\/p><\/div><\/div>\t\t\t\t<\/div>\n\t\t\t\t<\/div>\n\t\t\t\t<\/div>\n\t\t<div class=\"elementor-element elementor-element-303be78 e-con-full e-flex e-con e-child\" data-id=\"303be78\" data-element_type=\"container\">\n\t\t\t\t<div class=\"elementor-element elementor-element-a0146ee elementor-position-top elementor-widget elementor-widget-image-box\" data-id=\"a0146ee\" data-element_type=\"widget\" data-widget_type=\"image-box.default\">\n\t\t\t\t<div class=\"elementor-widget-container\">\n\t\t\t\t\t<div class=\"elementor-image-box-wrapper\"><figure class=\"elementor-image-box-img\"><img decoding=\"async\" width=\"2560\" height=\"1495\" src=\"https:\/\/refistudio.ca\/wp-content\/uploads\/2025\/07\/distance-learning-online-education-webpage-scaled.jpg\" class=\"attachment-full size-full wp-image-53750\" alt=\"\" srcset=\"https:\/\/refistudio.ca\/wp-content\/uploads\/2025\/07\/distance-learning-online-education-webpage-scaled.jpg 2560w, https:\/\/refistudio.ca\/wp-content\/uploads\/2025\/07\/distance-learning-online-education-webpage-300x175.jpg 300w, https:\/\/refistudio.ca\/wp-content\/uploads\/2025\/07\/distance-learning-online-education-webpage-1024x598.jpg 1024w, https:\/\/refistudio.ca\/wp-content\/uploads\/2025\/07\/distance-learning-online-education-webpage-768x448.jpg 768w\" sizes=\"(max-width: 2560px) 100vw, 2560px\" \/><\/figure><div class=\"elementor-image-box-content\"><h3 class=\"elementor-image-box-title\">Step 3<\/h3><p class=\"elementor-image-box-description\">Earn certificates and unlock new opportunities  how to make this good layout in this <\/p><\/div><\/div>\t\t\t\t<\/div>\n\t\t\t\t<\/div>\n\t\t\t\t<\/div>\n\t\t\t\t\t<\/div>\n\t\t\t\t<\/div>\n\t\t\t\t<\/div>\n\t\t","protected":false},"excerpt":{"rendered":"<p>que hacemos Estamos comprometidos a empoderar a las personas y las comunidades a trav\u00e9s de un enfoque integral que combina Educaci\u00f3n, tutor\u00eda, inversiones y servicios financieros. Explorar cursos Convi\u00e9rtete en instructor Aprendizaje electr\u00f3nico Aprenda en cualquier momento y en cualquier lugar Coaching\/Mentor\u00eda Empoder\u00e1ndote para hacer crecer tu riqueza Inversiones y Microfinanzas\/Banca Inversiones y Microfinanzas\/Banca C\u00f3mo<a href=\"https:\/\/refistudio.ca\/es\/que-hacemos\/\" class=\"more-link\"><span class=\"screen-reader-text\">que hacemos<\/span><\/a><\/p>\n","protected":false},"author":1,"featured_media":0,"parent":0,"menu_order":0,"comment_status":"closed","ping_status":"closed","template":"elementor_header_footer","meta":{"_acf_changed":false,"pmpro_default_level":"","footnotes":""},"class_list":["post-55624","page","type-page","status-publish","hentry","pmpro-has-access"],"acf":[],"_links":{"self":[{"href":"https:\/\/refistudio.ca\/es\/wp-json\/wp\/v2\/pages\/55624","targetHints":{"allow":["GET"]}}],"collection":[{"href":"https:\/\/refistudio.ca\/es\/wp-json\/wp\/v2\/pages"}],"about":[{"href":"https:\/\/refistudio.ca\/es\/wp-json\/wp\/v2\/types\/page"}],"author":[{"embeddable":true,"href":"https:\/\/refistudio.ca\/es\/wp-json\/wp\/v2\/users\/1"}],"replies":[{"embeddable":true,"href":"https:\/\/refistudio.ca\/es\/wp-json\/wp\/v2\/comments?post=55624"}],"version-history":[{"count":0,"href":"https:\/\/refistudio.ca\/es\/wp-json\/wp\/v2\/pages\/55624\/revisions"}],"wp:attachment":[{"href":"https:\/\/refistudio.ca\/es\/wp-json\/wp\/v2\/media?parent=55624"}],"curies":[{"name":"wp","href":"https:\/\/api.w.org\/{rel}","templated":true}]}}